{"id":12,"date":"2016-01-30T21:31:38","date_gmt":"2016-01-30T19:31:38","guid":{"rendered":"http:\/\/juustila-art.com\/?page_id=12"},"modified":"2019-12-03T09:57:18","modified_gmt":"2019-12-03T07:57:18","slug":"tietoja","status":"publish","type":"page","link":"https:\/\/juustila.com\/art\/tietoja\/","title":{"rendered":"Tietoja"},"content":{"rendered":"<p>Antti Juustila asuu ja ty\u00f6skentelee Oulussa.<\/p>\n<p>Ota yhteytt\u00e4 Anttiin s\u00e4hk\u00f6postilla\u00a0antti.juustila [at] gmail.com.<\/p>\n<h3>Taiteellinen koulutus<\/h3>\n<ul>\n<li><em><a href=\"http:\/\/angelartschool.com\">Angel Academy of Art<\/a>, Firenze, Italia 1\/2015-12\/2015<\/em><br \/><em>Fundamental drawing programme (1st of 3 year curriculum)<\/em><\/li>\n<li><em>The painting methods of Rubens, Velasquez and Van Dyck, <a href=\"http:\/\/www.angelartschool.com\/workshop4_2016.html\">workshop<\/a>,\u00a0Giulia Bucciarelli, 6\/2015.\u00a0Angel Academy of Art, Firenze, Italia<\/em><\/li>\n<li><em>Portrait painting, workshop, Nicholas Beer. 9\/2015.\u00a0<a href=\"http:\/\/www.charlescecilstudios.com\/short-courses\/\">Charles H. Cecil Studios<\/a>, Firenze, Italia<\/em><\/li>\n<li><em>Painting from the live model<\/em> 7\/2016, workshop, <a href=\"http:\/\/angelartschool.com\/\">Angel Academy of Art<\/a>, Firenze, Italia. With Jered Woznicki.<\/li>\n<\/ul>\n<p><img loading=\"lazy\" decoding=\"async\" class=\"alignnone size-full wp-image-105\" src=\"https:\/\/juustila.com\/art\/wp-content\/uploads\/2016\/01\/img_0052.jpg\" alt=\"IMG_0052\" width=\"2048\" height=\"1365\" srcset=\"https:\/\/juustila.com\/art\/wp-content\/uploads\/2016\/01\/img_0052.jpg 2048w, https:\/\/juustila.com\/art\/wp-content\/uploads\/2016\/01\/img_0052-300x200.jpg 300w, https:\/\/juustila.com\/art\/wp-content\/uploads\/2016\/01\/img_0052-1024x683.jpg 1024w, https:\/\/juustila.com\/art\/wp-content\/uploads\/2016\/01\/img_0052-768x512.jpg 768w, https:\/\/juustila.com\/art\/wp-content\/uploads\/2016\/01\/img_0052-1536x1024.jpg 1536w, https:\/\/juustila.com\/art\/wp-content\/uploads\/2016\/01\/img_0052-1200x800.jpg 1200w, https:\/\/juustila.com\/art\/wp-content\/uploads\/2016\/01\/img_0052-1980x1320.jpg 1980w\" sizes=\"auto, (max-width: 709px) 85vw, (max-width: 909px) 67vw, (max-width: 1362px) 62vw, 840px\" \/><\/p>\n<p><em>Valokuva:\u00a0R. Lawrence, otettu paikassa <a href=\"http:\/\/angelartschool.com\">Angel Academy of Art<\/a>, Firenze, Italy.<\/em><\/p>\n\n\n<p><\/p>\n","protected":false},"excerpt":{"rendered":"<p>Antti Juustila asuu ja ty\u00f6skentelee Oulussa. Ota yhteytt\u00e4 Anttiin s\u00e4hk\u00f6postilla\u00a0antti.juustila [at] gmail.com. Taiteellinen koulutus Angel Academy of Art, Firenze, Italia 1\/2015-12\/2015Fundamental drawing programme (1st of 3 year curriculum) The painting methods of Rubens, Velasquez and Van Dyck, workshop,\u00a0Giulia Bucciarelli, 6\/2015.\u00a0Angel Academy of Art, Firenze, Italia Portrait painting, workshop, Nicholas Beer. 9\/2015.\u00a0Charles H. Cecil Studios, Firenze, &hellip; <a href=\"https:\/\/juustila.com\/art\/tietoja\/\" class=\"more-link\">Continue reading<span class=\"screen-reader-text\"> &#8220;Tietoja&#8221;<\/span><\/a><\/p>\n","protected":false},"author":1,"featured_media":0,"parent":0,"menu_order":0,"comment_status":"closed","ping_status":"closed","template":"","meta":{"footnotes":""},"class_list":["post-12","page","type-page","status-publish","hentry"],"jetpack_sharing_enabled":true,"_links":{"self":[{"href":"https:\/\/juustila.com\/art\/wp-json\/wp\/v2\/pages\/12","targetHints":{"allow":["GET"]}}],"collection":[{"href":"https:\/\/juustila.com\/art\/wp-json\/wp\/v2\/pages"}],"about":[{"href":"https:\/\/juustila.com\/art\/wp-json\/wp\/v2\/types\/page"}],"author":[{"embeddable":true,"href":"https:\/\/juustila.com\/art\/wp-json\/wp\/v2\/users\/1"}],"replies":[{"embeddable":true,"href":"https:\/\/juustila.com\/art\/wp-json\/wp\/v2\/comments?post=12"}],"version-history":[{"count":1,"href":"https:\/\/juustila.com\/art\/wp-json\/wp\/v2\/pages\/12\/revisions"}],"predecessor-version":[{"id":652,"href":"https:\/\/juustila.com\/art\/wp-json\/wp\/v2\/pages\/12\/revisions\/652"}],"wp:attachment":[{"href":"https:\/\/juustila.com\/art\/wp-json\/wp\/v2\/media?parent=12"}],"curies":[{"name":"wp","href":"https:\/\/api.w.org\/{rel}","templated":true}]}}