{"id":91,"date":"2016-01-31T10:18:26","date_gmt":"2016-01-31T08:18:26","guid":{"rendered":"http:\/\/juustila-art.com\/?page_id=91"},"modified":"2016-01-31T10:18:26","modified_gmt":"2016-01-31T08:18:26","slug":"tilaustyot","status":"publish","type":"page","link":"https:\/\/juustila.com\/art\/tilaustyot\/","title":{"rendered":"Tilausty\u00f6t"},"content":{"rendered":"<p>Oletko kiinnostunut tilaamaan muotokuvan tai muun teoksen? Teos voi olla toteutettu\u00a0grafiitilla, hiilell\u00e4 tai \u00f6ljyv\u00e4reill\u00e4. K\u00e4yt\u00e4n t\u00f6iss\u00e4ni aina parhaita materiaaleja ja v\u00e4lineit\u00e4.<\/p>\n<p><a href=\"http:\/\/juustila-art.com\/tietoja\">Ota yhteytt\u00e4<\/a>, niin kerron lis\u00e4\u00e4 ja keskustelemme asiasta tarkemmin.<\/p>\n<div id='gallery-1' class='gallery galleryid-91 gallery-columns-3 gallery-size-thumbnail'><figure class='gallery-item'>\n\t\t\t<div class='gallery-icon portrait'>\n\t\t\t\t<a href='https:\/\/juustila.com\/art\/gallery\/sony-dsc-7\/'><img loading=\"lazy\" decoding=\"async\" width=\"150\" height=\"150\" src=\"https:\/\/juustila.com\/art\/wp-content\/uploads\/2016\/01\/dsc9454-150x150.jpg\" class=\"attachment-thumbnail size-thumbnail\" alt=\"\" aria-describedby=\"gallery-1-34\" \/><\/a>\n\t\t\t<\/div>\n\t\t\t\t<figcaption class='wp-caption-text gallery-caption' id='gallery-1-34'>\n\t\t\t\tPortrait of a woman.\nOil on canvas, 60&#215;50 cm.\n(c) Antti Juustila 2015.\n\t\t\t\t<\/figcaption><\/figure><figure class='gallery-item'>\n\t\t\t<div class='gallery-icon portrait'>\n\t\t\t\t<a href='https:\/\/juustila.com\/art\/sketches-and-studies\/img_2987\/'><img loading=\"lazy\" decoding=\"async\" width=\"150\" height=\"150\" src=\"https:\/\/juustila.com\/art\/wp-content\/uploads\/2016\/01\/img_2987-150x150.jpg\" class=\"attachment-thumbnail size-thumbnail\" alt=\"\" aria-describedby=\"gallery-1-62\" \/><\/a>\n\t\t\t<\/div>\n\t\t\t\t<figcaption class='wp-caption-text gallery-caption' id='gallery-1-62'>\n\t\t\t\tGraphite on Canson, height 30 cm.\n(c) Antti Juustila 2015.\n\t\t\t\t<\/figcaption><\/figure><figure class='gallery-item'>\n\t\t\t<div class='gallery-icon portrait'>\n\t\t\t\t<a href='https:\/\/juustila.com\/art\/sketches-and-studies\/img_3914\/'><img loading=\"lazy\" decoding=\"async\" width=\"150\" height=\"150\" src=\"https:\/\/juustila.com\/art\/wp-content\/uploads\/2016\/01\/img_3914-150x150.jpg\" class=\"attachment-thumbnail size-thumbnail\" alt=\"\" aria-describedby=\"gallery-1-59\" \/><\/a>\n\t\t\t<\/div>\n\t\t\t\t<figcaption class='wp-caption-text gallery-caption' id='gallery-1-59'>\n\t\t\t\tStudy of a woman.\nCharcoal on sketch paper, height 26 cm.\n(c) Antti Juustila 2015\n\t\t\t\t<\/figcaption><\/figure><figure class='gallery-item'>\n\t\t\t<div class='gallery-icon portrait'>\n\t\t\t\t<a href='https:\/\/juustila.com\/art\/gallery\/sony-dsc-11\/'><img loading=\"lazy\" decoding=\"async\" width=\"150\" height=\"150\" src=\"https:\/\/juustila.com\/art\/wp-content\/uploads\/2016\/01\/dsc9452-150x150.jpg\" class=\"attachment-thumbnail size-thumbnail\" alt=\"\" aria-describedby=\"gallery-1-38\" \/><\/a>\n\t\t\t<\/div>\n\t\t\t\t<figcaption class='wp-caption-text gallery-caption' id='gallery-1-38'>\n\t\t\t\tMaster copy, work in progress.\nDaedalus and Icarus by Anthony Van Dyck.\nOil on canvas, 70&#215;50 cm.\n(c) Antti Juustila 2015.\n\t\t\t\t<\/figcaption><\/figure>\n\t\t<\/div>\n\n<p>&nbsp;<\/p>\n","protected":false},"excerpt":{"rendered":"<p>Oletko kiinnostunut tilaamaan muotokuvan tai muun teoksen? Teos voi olla toteutettu\u00a0grafiitilla, hiilell\u00e4 tai \u00f6ljyv\u00e4reill\u00e4. K\u00e4yt\u00e4n t\u00f6iss\u00e4ni aina parhaita materiaaleja ja v\u00e4lineit\u00e4. Ota yhteytt\u00e4, niin kerron lis\u00e4\u00e4 ja keskustelemme asiasta tarkemmin. &nbsp;<\/p>\n","protected":false},"author":1,"featured_media":0,"parent":0,"menu_order":0,"comment_status":"closed","ping_status":"closed","template":"","meta":{"footnotes":""},"class_list":["post-91","page","type-page","status-publish","hentry"],"jetpack_sharing_enabled":true,"_links":{"self":[{"href":"https:\/\/juustila.com\/art\/wp-json\/wp\/v2\/pages\/91","targetHints":{"allow":["GET"]}}],"collection":[{"href":"https:\/\/juustila.com\/art\/wp-json\/wp\/v2\/pages"}],"about":[{"href":"https:\/\/juustila.com\/art\/wp-json\/wp\/v2\/types\/page"}],"author":[{"embeddable":true,"href":"https:\/\/juustila.com\/art\/wp-json\/wp\/v2\/users\/1"}],"replies":[{"embeddable":true,"href":"https:\/\/juustila.com\/art\/wp-json\/wp\/v2\/comments?post=91"}],"version-history":[{"count":0,"href":"https:\/\/juustila.com\/art\/wp-json\/wp\/v2\/pages\/91\/revisions"}],"wp:attachment":[{"href":"https:\/\/juustila.com\/art\/wp-json\/wp\/v2\/media?parent=91"}],"curies":[{"name":"wp","href":"https:\/\/api.w.org\/{rel}","templated":true}]}}